{"id":14,"date":"2017-11-02T00:25:44","date_gmt":"2017-11-01T23:25:44","guid":{"rendered":"http:\/\/lauracastaldini.it\/?page_id=14"},"modified":"2018-02-03T11:53:25","modified_gmt":"2018-02-03T10:53:25","slug":"psicodramma","status":"publish","type":"page","link":"https:\/\/www.lauracastaldini.it\/?page_id=14","title":{"rendered":"Psicoterapia di gruppo con la tecnica dello Psicodramma"},"content":{"rendered":"<div id=\"immagine_singola.immagine\"><img loading=\"lazy\" decoding=\"async\" class=\"alignnone size-medium wp-image-2297\" src=\"http:\/\/lauracastaldini.it\/wp-content\/uploads\/2018\/01\/psicodramma.jpg\" alt=\"psicodramma\" width=\"1140\" height=\"600\" srcset=\"https:\/\/www.lauracastaldini.it\/wp-content\/uploads\/2018\/01\/psicodramma.jpg 1140w, https:\/\/www.lauracastaldini.it\/wp-content\/uploads\/2018\/01\/psicodramma-300x158.jpg 300w, https:\/\/www.lauracastaldini.it\/wp-content\/uploads\/2018\/01\/psicodramma-768x404.jpg 768w, https:\/\/www.lauracastaldini.it\/wp-content\/uploads\/2018\/01\/psicodramma-1024x539.jpg 1024w\" sizes=\"auto, (max-width: 1140px) 100vw, 1140px\" \/><\/div>\n<div class=\"intro_psico\">\n<p style=\"text-align: center;\"><span class=\"frase_breve\"><br \/>\n&#8221; Lo <strong>Psicodramma<\/strong>, come indica l\u2019etimologia stessa del termine dal greco &#8220;PSICHE&#8221; o anima e &#8220;DRAMA&#8221; o azione, \u00e8 una psicoterapia volta ad esplorare la globalit\u00e0 della persona attraverso l&#8217;azione e la rappresentazione scenica, ed \u00e8 una delle prime forme di <strong>psicoterapia di gruppo<\/strong>.<br \/>\nQuesto metodo di sviluppo personale consiste nel &#8220;mettere in scena&#8221;, in maniera del tutto spontanea e creativa,<br \/>\nil proprio mondo affettivo ed emotivo. &#8221;<br \/>\n<\/span><\/p>\n<p>&nbsp;<br \/>\n&nbsp;<\/p>\n<p><!-- BOTTONE \"leggi_tutto\" con LINK al .pdf --><\/p>\n<div id=\"leggi_tutto\" style=\"text-align: center;\"><a href=\"http:\/\/lauracastaldini.it\/wp-content\/uploads\/2018\/02\/Psicodramma_CastaldiniLaura.pdf\">leggi tutto<\/a><\/div>\n<p>&nbsp;<br \/>\n&nbsp;<\/p>\n<p><span class=\"testorosso\"><b>La Dottoressa Laura Castaldini svolge lo Psicodramma per diversi gruppi di et\u00e0, nei seguenti giorni e orari:<\/b><\/span><\/p>\n<p><b>Gruppo adulti<\/b><br \/>\nIl marted\u00ec dalle 19.00 alle 21.00, presso la Cooperativa Sociale Onlus<br \/>\n<span id=\"link\"><a href=\"http:\/\/www.lemaniparlanti.it\/?team=laura-castaldini\">&#8220;Le mani parlanti&#8221;<\/a><\/span> in via Ruggero n\u00b03 a Parma.<\/p>\n<p><b>Gruppo adolescenti dai 16 ai 19 anni<\/b><br \/>\nIl venerd\u00ec dalle 14.00 alle 15.30, presso il CAGE dell&#8217;A.U.S.L in via Mazzini n\u00b02 a Parma.<\/p>\n<p><b>Gruppo adolescenti dai 12 ai 16 anni<\/b><br \/>\nIl venerd\u00ec dalle 16.00 alle 17.00, presso il CAGE dell&#8217;A.U.S.L in via Mazzini n\u00b02 a Parma.<\/p>\n<p><b>Gruppo adolescenti in Residenza Psichiatrica<\/b><br \/>\nIl marted\u00ec dalle 10.00 alle 11.30, presso la struttura AVEN dell&#8217;A.U.S.L a San Polo di Torrile (Pr).<\/p>\n<p><b>Gruppo &#8220;Un fratello per amico&#8221; (per fratelli di ragazzi disabili)<\/b><br \/>\nIl marted\u00ec dalle 17.00 alle 19.00, presso la Cooperativa Sociale Onlus<br \/>\n<span id=\"link\"><a href=\"http:\/\/www.lemaniparlanti.it\/?team=laura-castaldini\">&#8220;Le mani parlanti&#8221;<\/a><\/span> in via Ruggero n\u00b03 a Parma.<\/p>\n<p>&nbsp;<\/p>\n<\/div>\n","protected":false},"excerpt":{"rendered":"<p>&#8221; Lo Psicodramma, come indica l\u2019etimologia stessa del termine dal greco &#8220;PSICHE&#8221; o anima e &#8220;DRAMA&#8221; o azione, \u00e8 una psicoterapia volta ad esplorare la globalit\u00e0 della persona attraverso l&#8217;azione e la rappresentazione scenica, ed \u00e8 una delle prime forme &hellip; <a href=\"https:\/\/www.lauracastaldini.it\/?page_id=14\">Continued<\/a><\/p>\n","protected":false},"author":1,"featured_media":0,"parent":0,"menu_order":0,"comment_status":"closed","ping_status":"closed","template":"page-fullwidth.php","meta":{"footnotes":""},"class_list":["post-14","page","type-page","status-publish","hentry"],"_links":{"self":[{"href":"https:\/\/www.lauracastaldini.it\/index.php?rest_route=\/wp\/v2\/pages\/14","targetHints":{"allow":["GET"]}}],"collection":[{"href":"https:\/\/www.lauracastaldini.it\/index.php?rest_route=\/wp\/v2\/pages"}],"about":[{"href":"https:\/\/www.lauracastaldini.it\/index.php?rest_route=\/wp\/v2\/types\/page"}],"author":[{"embeddable":true,"href":"https:\/\/www.lauracastaldini.it\/index.php?rest_route=\/wp\/v2\/users\/1"}],"replies":[{"embeddable":true,"href":"https:\/\/www.lauracastaldini.it\/index.php?rest_route=%2Fwp%2Fv2%2Fcomments&post=14"}],"version-history":[{"count":110,"href":"https:\/\/www.lauracastaldini.it\/index.php?rest_route=\/wp\/v2\/pages\/14\/revisions"}],"predecessor-version":[{"id":2511,"href":"https:\/\/www.lauracastaldini.it\/index.php?rest_route=\/wp\/v2\/pages\/14\/revisions\/2511"}],"wp:attachment":[{"href":"https:\/\/www.lauracastaldini.it\/index.php?rest_route=%2Fwp%2Fv2%2Fmedia&parent=14"}],"curies":[{"name":"wp","href":"https:\/\/api.w.org\/{rel}","templated":true}]}}