{"id":2530,"date":"2018-02-03T12:42:22","date_gmt":"2018-02-03T11:42:22","guid":{"rendered":"http:\/\/lauracastaldini.it\/?page_id=2530"},"modified":"2018-02-07T09:48:54","modified_gmt":"2018-02-07T08:48:54","slug":"convegni-sulle-relazioni-familiari","status":"publish","type":"page","link":"https:\/\/www.lauracastaldini.it\/?page_id=2530","title":{"rendered":"Articoli sulle relazioni familiari"},"content":{"rendered":"<div id=\"immagine_singola.immagine\">\n<img loading=\"lazy\" decoding=\"async\" src=\"http:\/\/lauracastaldini.it\/wp-content\/uploads\/2018\/02\/gelosia_fratelli2.jpg\" alt=\"gelosia_tra_fratelli\" width=\"1140\" height=\"600\" class=\"alignnone size-medium wp-image-2536\" srcset=\"https:\/\/www.lauracastaldini.it\/wp-content\/uploads\/2018\/02\/gelosia_fratelli2.jpg 1140w, https:\/\/www.lauracastaldini.it\/wp-content\/uploads\/2018\/02\/gelosia_fratelli2-300x158.jpg 300w, https:\/\/www.lauracastaldini.it\/wp-content\/uploads\/2018\/02\/gelosia_fratelli2-768x404.jpg 768w, https:\/\/www.lauracastaldini.it\/wp-content\/uploads\/2018\/02\/gelosia_fratelli2-1024x539.jpg 1024w\" sizes=\"auto, (max-width: 1140px) 100vw, 1140px\" \/>\n<\/div>\n<div class=\"intro\">\n<h3>Gelosia e rivalit\u00e0 tra fratelli<\/h3>\n<p class=\"articoli\">\nLa gelosia \u00e8 un fenomeno praticamente inevitabile all\u2019interno di una famiglia. Quasi tutti i bambini desiderano essere il figlio preferito dei genitori, essere considerati i pi\u00f9 bravi ed essere i pi\u00f9 amati dai familiari. Nella maggior parte dei casi, la competizione tra fratelli \u00e8 motivata dal voler ottenere amore, attenzione e &#8230; <span id=\"leggere\"><b><a href=\"http:\/\/lauracastaldini.it\/wp-content\/uploads\/2018\/02\/Gelosia_tra_fratelli.pdf\">continua a leggere<\/a><\/b><\/span> &#8230;\n<\/p>\n<p>&nbsp;<\/p>\n<h3>Si possono perdonare i propri genitori?<\/h3>\n<p class=\"articoli\">\nSegreti di famiglia, violenze, menzogne &#8230; tutte le famiglie conoscono problemi e talvolta anche drammi. Ma come poter riconoscere le situazioni anormali quando si \u00e8 bambini? Come conciliare l&#8217;amore per i propri familiari, prevenendo nel contempo le situazioni di maltrattamento? La prima difficolt\u00e0 se si \u00e8 bambini \u00e8 capire quando la situazione non \u00e8 normale &#8230; <span id=\"leggere\"><b><a href=\"http:\/\/lauracastaldini.it\/wp-content\/uploads\/2018\/02\/Perdono_in_famiglia.pdf\">continua a leggere<\/a><\/b><\/span> &#8230;<br \/>\n&nbsp;\n<\/p>\n<\/div>\n","protected":false},"excerpt":{"rendered":"<p>Gelosia e rivalit\u00e0 tra fratelli La gelosia \u00e8 un fenomeno praticamente inevitabile all\u2019interno di una famiglia. Quasi tutti i bambini desiderano essere il figlio preferito dei genitori, essere considerati i pi\u00f9 bravi ed essere i pi\u00f9 amati dai familiari. Nella &hellip; <a href=\"https:\/\/www.lauracastaldini.it\/?page_id=2530\">Continued<\/a><\/p>\n","protected":false},"author":1,"featured_media":0,"parent":0,"menu_order":0,"comment_status":"closed","ping_status":"closed","template":"page-fullwidth.php","meta":{"footnotes":""},"class_list":["post-2530","page","type-page","status-publish","hentry"],"_links":{"self":[{"href":"https:\/\/www.lauracastaldini.it\/index.php?rest_route=\/wp\/v2\/pages\/2530","targetHints":{"allow":["GET"]}}],"collection":[{"href":"https:\/\/www.lauracastaldini.it\/index.php?rest_route=\/wp\/v2\/pages"}],"about":[{"href":"https:\/\/www.lauracastaldini.it\/index.php?rest_route=\/wp\/v2\/types\/page"}],"author":[{"embeddable":true,"href":"https:\/\/www.lauracastaldini.it\/index.php?rest_route=\/wp\/v2\/users\/1"}],"replies":[{"embeddable":true,"href":"https:\/\/www.lauracastaldini.it\/index.php?rest_route=%2Fwp%2Fv2%2Fcomments&post=2530"}],"version-history":[{"count":58,"href":"https:\/\/www.lauracastaldini.it\/index.php?rest_route=\/wp\/v2\/pages\/2530\/revisions"}],"predecessor-version":[{"id":2635,"href":"https:\/\/www.lauracastaldini.it\/index.php?rest_route=\/wp\/v2\/pages\/2530\/revisions\/2635"}],"wp:attachment":[{"href":"https:\/\/www.lauracastaldini.it\/index.php?rest_route=%2Fwp%2Fv2%2Fmedia&parent=2530"}],"curies":[{"name":"wp","href":"https:\/\/api.w.org\/{rel}","templated":true}]}}